{"id":2787,"date":"2025-04-22T20:33:26","date_gmt":"2025-04-22T20:33:26","guid":{"rendered":"https:\/\/smartnix.tech\/?post_type=product&#038;p=2787"},"modified":"2025-04-22T20:34:23","modified_gmt":"2025-04-22T20:34:23","slug":"25-pd-adaptateur-samsung-original-port-usb-type-c-sans-cable","status":"publish","type":"product","link":"https:\/\/smartnix.tech\/fr\/produit\/25-pd-adaptateur-samsung-original-port-usb-type-c-sans-cable\/","title":{"rendered":"25 PD Adapter Samsung ORIGINAL USB Type C Port (sans c\u00e2ble)"},"content":{"rendered":"<div class=\"value presentation-value show-presentation\">\n<div>\n<p>Donnez \u00e0 votre produit la puissance de charge qu'il m\u00e9rite avec le nouveau chargeur ultra rapide de 25 W. Utilisez un c\u00e2ble USB Type-C Samsung pour optimiser la vitesse de charge.<\/p>\n<p>Profitez d'une charge adaptable aux capacit\u00e9s de votre appareil. Si le chargeur ultra-rapide d\u00e9livre la puissance maximale de 25 W aux appareils compatibles, il peut \u00e9galement s'adapter aux capacit\u00e9s d'autres mod\u00e8les.<\/p>\n<p>Avec ce chargeur et ce c\u00e2ble d'origine, vous \u00eates s\u00fbr de la conformit\u00e9 et du bon fonctionnement. Que ce soit pour charger votre t\u00e9l\u00e9phone ou pour \u00e9changer des donn\u00e9es entre le t\u00e9l\u00e9phone et un ordinateur. La qualit\u00e9 Samsung vous permettra de brancher votre t\u00e9l\u00e9phone pour \u00e9changer des donn\u00e9es avec votre t\u00e9l\u00e9phone.<\/p>\n<\/div>\n<\/div>","protected":false},"excerpt":{"rendered":"<div class=\"feature-benefit__text-wrap\">\n<div class=\"feature-benefit__text\">\n<div class=\"feature-benefit__desc-wrap\">\n<p class=\"feature-benefit__desc contrast-target\" data-font-size-mo=\"12\" data-font-size-pc=\"18\">Le nouvel adaptateur d'alimentation booste votre poste de travail avec une charge super rapide jusqu'\u00e0 25 W pour les appareils compatibles avec les c\u00e2bles USB Type-C.<\/p>\n<\/div>\n<\/div>\n<\/div>\n<div class=\"feature-benefit__img-wrap\">\n<div class=\"image image--dyn-height image--main-loaded\"><\/div>\n<\/div>","protected":false},"featured_media":2789,"comment_status":"open","ping_status":"closed","template":"","meta":[],"product_brand":[134],"product_cat":[43],"product_tag":[82],"class_list":{"0":"post-2787","1":"product","2":"type-product","3":"status-publish","4":"has-post-thumbnail","6":"product_brand-samsung","7":"product_cat-cell-phones","8":"product_tag-samsung","9":"product_shipping_class-2-day-delivery","11":"first","12":"instock","13":"shipping-taxable","14":"purchasable","15":"product-type-simple"},"_links":{"self":[{"href":"https:\/\/smartnix.tech\/fr\/wp-json\/wp\/v2\/product\/2787","targetHints":{"allow":["GET"]}}],"collection":[{"href":"https:\/\/smartnix.tech\/fr\/wp-json\/wp\/v2\/product"}],"about":[{"href":"https:\/\/smartnix.tech\/fr\/wp-json\/wp\/v2\/types\/product"}],"replies":[{"embeddable":true,"href":"https:\/\/smartnix.tech\/fr\/wp-json\/wp\/v2\/comments?post=2787"}],"wp:featuredmedia":[{"embeddable":true,"href":"https:\/\/smartnix.tech\/fr\/wp-json\/wp\/v2\/media\/2789"}],"wp:attachment":[{"href":"https:\/\/smartnix.tech\/fr\/wp-json\/wp\/v2\/media?parent=2787"}],"wp:term":[{"taxonomy":"product_brand","embeddable":true,"href":"https:\/\/smartnix.tech\/fr\/wp-json\/wp\/v2\/product_brand?post=2787"},{"taxonomy":"product_cat","embeddable":true,"href":"https:\/\/smartnix.tech\/fr\/wp-json\/wp\/v2\/product_cat?post=2787"},{"taxonomy":"product_tag","embeddable":true,"href":"https:\/\/smartnix.tech\/fr\/wp-json\/wp\/v2\/product_tag?post=2787"}],"curies":[{"name":"wp","href":"https:\/\/api.w.org\/{rel}","templated":true}]}}