{"id":1899,"date":"2021-10-06T11:20:26","date_gmt":"2021-10-06T11:20:26","guid":{"rendered":"http:\/\/localhost\/machic\/?page_id=1899"},"modified":"2025-04-18T22:16:52","modified_gmt":"2025-04-18T22:16:52","slug":"a-propos-de-nous","status":"publish","type":"page","link":"https:\/\/smartnix.tech\/fr\/a-propos-de-nous\/","title":{"rendered":"\u00c0 propos"},"content":{"rendered":"<div data-elementor-type=\"wp-page\" data-elementor-id=\"1899\" class=\"elementor elementor-1899\" data-elementor-post-type=\"page\">\n\t\t\t\t\t\t<section class=\"elementor-section elementor-top-section elementor-element elementor-element-a5f5515 elementor-section-boxed elementor-section-height-default elementor-section-height-default\" data-id=\"a5f5515\" data-element_type=\"section\">\n\t\t\t\t\t\t<div class=\"elementor-container elementor-column-gap-extended\">\n\t\t\t\t\t<div class=\"elementor-column elementor-col-50 elementor-top-column elementor-element elementor-element-6cd6b07\" data-id=\"6cd6b07\" data-element_type=\"column\">\n\t\t\t<div class=\"elementor-widget-wrap elementor-element-populated\">\n\t\t\t\t\t\t<div class=\"elementor-element elementor-element-ef53a64 elementor-widget elementor-widget-machic-custom-title\" data-id=\"ef53a64\" data-element_type=\"widget\" data-widget_type=\"machic-custom-title.default\">\n\t\t\t\t<div class=\"elementor-widget-container\">\n\t\t\t\t\t<div class=\"site-module module-title\"><h4 class=\"entry-subtitle\">Notre mission, \u00e0 propos de Machic<\/h4><h1 class=\"entry-title\">Nous pensons que la meilleure exp\u00e9rience l'emporte toujours<\/h1><div class=\"entry-content\"><p>Quisque lacinia commodo euismod. Nullam tempus nec mi id blandit. In lacinia nibh vitae ante laoreet rhoncus. Quisque in dapibus lorem, luctus gravida velit. Nulla gravida eros ac pharetra porta.<\/p><\/div><!-- entry-content --><\/div><!-- site-module -->\t\t\t\t<\/div>\n\t\t\t\t<\/div>\n\t\t\t\t\t<\/div>\n\t\t<\/div>\n\t\t\t\t<div class=\"elementor-column elementor-col-50 elementor-top-column elementor-element elementor-element-e7694d9 elementor-hidden-tablet elementor-hidden-mobile\" data-id=\"e7694d9\" data-element_type=\"column\">\n\t\t\t<div class=\"elementor-widget-wrap\">\n\t\t\t\t\t\t\t<\/div>\n\t\t<\/div>\n\t\t\t\t\t<\/div>\n\t\t<\/section>\n\t\t\t\t<section class=\"elementor-section elementor-top-section elementor-element elementor-element-d9d0d9d elementor-section-boxed elementor-section-height-default elementor-section-height-default\" data-id=\"d9d0d9d\" data-element_type=\"section\">\n\t\t\t\t\t\t<div class=\"elementor-container elementor-column-gap-extended\">\n\t\t\t\t\t<div class=\"elementor-column elementor-col-33 elementor-top-column elementor-element elementor-element-951e09a\" data-id=\"951e09a\" data-element_type=\"column\">\n\t\t\t<div class=\"elementor-widget-wrap elementor-element-populated\">\n\t\t\t\t\t\t<div class=\"elementor-element elementor-element-191b6aa elementor-widget elementor-widget-machic-text-block\" data-id=\"191b6aa\" data-element_type=\"widget\" data-widget_type=\"machic-text-block.default\">\n\t\t\t\t<div class=\"elementor-widget-container\">\n\t\t\t\t\t<div class=\"site-module text-check\"><h3 class=\"entry-title\">Classe aptent taciti sociosqu<\/h3><div class=\"entry-description\"><p>Quisque luctus leo sit amet ante finibus lobortis.  Class aptent taciti sociosqu.<\/p><\/div><!-- entry-description --><\/div><!-- site-module -->\t\t\t\t<\/div>\n\t\t\t\t<\/div>\n\t\t\t\t\t<\/div>\n\t\t<\/div>\n\t\t\t\t<div class=\"elementor-column elementor-col-33 elementor-top-column elementor-element elementor-element-9f8a138\" data-id=\"9f8a138\" data-element_type=\"column\">\n\t\t\t<div class=\"elementor-widget-wrap elementor-element-populated\">\n\t\t\t\t\t\t<div class=\"elementor-element elementor-element-63848d2 elementor-widget elementor-widget-machic-text-block\" data-id=\"63848d2\" data-element_type=\"widget\" data-widget_type=\"machic-text-block.default\">\n\t\t\t\t<div class=\"elementor-widget-container\">\n\t\t\t\t\t<div class=\"site-module text-check\"><h3 class=\"entry-title\">Classe aptent taciti sociosqu<\/h3><div class=\"entry-description\"><p>Quisque luctus leo sit amet ante finibus lobortis.  Class aptent taciti sociosqu.<\/p><\/div><!-- entry-description --><\/div><!-- site-module -->\t\t\t\t<\/div>\n\t\t\t\t<\/div>\n\t\t\t\t\t<\/div>\n\t\t<\/div>\n\t\t\t\t<div class=\"elementor-column elementor-col-33 elementor-top-column elementor-element elementor-element-00fc50e\" data-id=\"00fc50e\" data-element_type=\"column\">\n\t\t\t<div class=\"elementor-widget-wrap elementor-element-populated\">\n\t\t\t\t\t\t<div class=\"elementor-element elementor-element-3658c8b elementor-widget elementor-widget-machic-text-block\" data-id=\"3658c8b\" data-element_type=\"widget\" data-widget_type=\"machic-text-block.default\">\n\t\t\t\t<div class=\"elementor-widget-container\">\n\t\t\t\t\t<div class=\"site-module text-check\"><h3 class=\"entry-title\">Classe aptent taciti sociosqu<\/h3><div class=\"entry-description\"><p>Quisque luctus leo sit amet ante finibus lobortis.  Class aptent taciti sociosqu.<\/p><\/div><!-- entry-description --><\/div><!-- site-module -->\t\t\t\t<\/div>\n\t\t\t\t<\/div>\n\t\t\t\t\t<\/div>\n\t\t<\/div>\n\t\t\t\t\t<\/div>\n\t\t<\/section>\n\t\t\t\t<section class=\"elementor-section elementor-top-section elementor-element elementor-element-1298d0a elementor-section-boxed elementor-section-height-default elementor-section-height-default\" data-id=\"1298d0a\" data-element_type=\"section\">\n\t\t\t\t\t\t<div class=\"elementor-container elementor-column-gap-extended\">\n\t\t\t\t\t<div class=\"elementor-column elementor-col-100 elementor-top-column elementor-element elementor-element-1d97292\" data-id=\"1d97292\" data-element_type=\"column\">\n\t\t\t<div class=\"elementor-widget-wrap elementor-element-populated\">\n\t\t\t\t\t\t<div class=\"elementor-element elementor-element-19c5942 elementor-widget elementor-widget-image\" data-id=\"19c5942\" data-element_type=\"widget\" data-widget_type=\"image.default\">\n\t\t\t\t<div class=\"elementor-widget-container\">\n\t\t\t\t\t\t\t\t\t\t\t\t\t\t\t<img fetchpriority=\"high\" decoding=\"async\" width=\"1280\" height=\"760\" src=\"https:\/\/smartnix.tech\/wp-content\/uploads\/2021\/10\/about-1.jpg\" class=\"attachment-full size-full wp-image-1942\" alt=\"\" srcset=\"https:\/\/smartnix.tech\/wp-content\/uploads\/2021\/10\/about-1.jpg 1280w, https:\/\/smartnix.tech\/wp-content\/uploads\/2021\/10\/about-1-90x54.jpg 90w, https:\/\/smartnix.tech\/wp-content\/uploads\/2021\/10\/about-1-600x356.jpg 600w, https:\/\/smartnix.tech\/wp-content\/uploads\/2021\/10\/about-1-300x178.jpg 300w, https:\/\/smartnix.tech\/wp-content\/uploads\/2021\/10\/about-1-1024x608.jpg 1024w, https:\/\/smartnix.tech\/wp-content\/uploads\/2021\/10\/about-1-768x456.jpg 768w\" sizes=\"(max-width: 1280px) 100vw, 1280px\" \/>\t\t\t\t\t\t\t\t\t\t\t\t\t\t\t<\/div>\n\t\t\t\t<\/div>\n\t\t\t\t\t<\/div>\n\t\t<\/div>\n\t\t\t\t\t<\/div>\n\t\t<\/section>\n\t\t\t\t<section class=\"elementor-section elementor-top-section elementor-element elementor-element-9baf384 elementor-section-boxed elementor-section-height-default elementor-section-height-default\" data-id=\"9baf384\" data-element_type=\"section\">\n\t\t\t\t\t\t<div class=\"elementor-container elementor-column-gap-extended\">\n\t\t\t\t\t<div class=\"elementor-column elementor-col-33 elementor-top-column elementor-element elementor-element-7988065 elementor-hidden-tablet elementor-hidden-mobile\" data-id=\"7988065\" data-element_type=\"column\">\n\t\t\t<div class=\"elementor-widget-wrap\">\n\t\t\t\t\t\t\t<\/div>\n\t\t<\/div>\n\t\t\t\t<div class=\"elementor-column elementor-col-66 elementor-top-column elementor-element elementor-element-5e986b7\" data-id=\"5e986b7\" data-element_type=\"column\">\n\t\t\t<div class=\"elementor-widget-wrap elementor-element-populated\">\n\t\t\t\t\t\t<div class=\"elementor-element elementor-element-c82a70a elementor-widget elementor-widget-text-editor\" data-id=\"c82a70a\" data-element_type=\"widget\" data-widget_type=\"text-editor.default\">\n\t\t\t\t<div class=\"elementor-widget-container\">\n\t\t\t\t\t\t\t\t\t<p>Nam maximus nunc a augue pulvinar, non euismod mauris tempus. Cras non elit vel magna molestie pellentesque in eu dui. Donec laoreet quis erat vitae finibus. Vestibulum enim eros, porta eget quam et, euismod dictum elit. Nullam eu tempus magna. Fusce malesuada nisi id felis placerat porta vel sed augue. Vivamus mollis mauris vitae rhoncus egestas. Les enfants ont \u00e9t\u00e9 habit\u00e9s par des personnes qui ont \u00e9t\u00e9 victimes d'abus de pouvoir et qui ont \u00e9t\u00e9 victimes d'abus de pouvoir et qui ont \u00e9t\u00e9 victimes d'abus de pouvoir. Phasellus luctus tempor ante in dapibus. Curabitur sed lectus tempus, pulvinar magna vel, laoreet sapien.<\/p><p>Pellentesque sodales ornare nulla. Nullam elementum est quis tortor ultricies tristique. Nulla tempor eros quis arcu imperdiet, rutrum pharetra mi lobortis. Donec tortor ipsum, maximus quis pellentesque vel, bibendum eu mauris.<\/p><p>Nulla bibendum tincidunt ligula, a placerat dolor viverra eget. Maecenas id diam sed ligula facilisis lacinia. Nunc maximus est ut sem varius suscipit. Les mots et les phrases sont en anglais, les mots et les phrases sont en fran\u00e7ais, les mots et les phrases sont en anglais, les mots et les phrases sont en fran\u00e7ais. Etiam hendrerit est viverra eros mollis, a laoreet ante dictum. Aliquam erat volutpat. Vivamus tempor blandit dui vel interdum. Etiam ut libero eget ex sodales lobortis vitae at est. Il n'a pas \u00e9t\u00e9 possible d'am\u00e9liorer la qualit\u00e9 de l'eau, ni de la rendre plus abondante. Le contenu de l'emballage a \u00e9t\u00e9 repris \u00e0 l'identique dans le v\u00e9hicule.<\/p><p>Ut ac semper ligula. Pellentesque laoreet justo nec ex sodales euismod. Aliquam orci tortor, bibendum nec ultricies ac, auctor nec purus. Maecenas in consectetur erat. Proin ut nisi ut ipsum blandit vehicula. Nulla orci eros, ornare vitae tristique et, iaculis nec mauris. Aliquam ornare, turpis sed lobortis ultricies, lectus felis lacinia lacus, et convallis ipsum erat sed tortor. Les r\u00e9sultats de l'\u00e9tude ont \u00e9t\u00e9 publi\u00e9s, et les r\u00e9sultats de l'\u00e9tude ont \u00e9t\u00e9 diffus\u00e9s sur Internet. Suspendisse id elementum nunc. Donec in neque vitae nisl consequat accumsan.<\/p>\t\t\t\t\t\t\t\t<\/div>\n\t\t\t\t<\/div>\n\t\t\t\t\t<\/div>\n\t\t<\/div>\n\t\t\t\t\t<\/div>\n\t\t<\/section>\n\t\t\t\t<section class=\"elementor-section elementor-top-section elementor-element elementor-element-127022d elementor-section-boxed elementor-section-height-default elementor-section-height-default\" data-id=\"127022d\" data-element_type=\"section\">\n\t\t\t\t\t\t<div class=\"elementor-container elementor-column-gap-extended\">\n\t\t\t\t\t<div class=\"elementor-column elementor-col-66 elementor-top-column elementor-element elementor-element-bbc0e64\" data-id=\"bbc0e64\" data-element_type=\"column\">\n\t\t\t<div class=\"elementor-widget-wrap elementor-element-populated\">\n\t\t\t\t\t\t<div class=\"elementor-element elementor-element-890d4e0 elementor-widget elementor-widget-machic-custom-title\" data-id=\"890d4e0\" data-element_type=\"widget\" data-widget_type=\"machic-custom-title.default\">\n\t\t\t\t<div class=\"elementor-widget-container\">\n\t\t\t\t\t<div class=\"site-module module-title small\"><h4 class=\"entry-subtitle\">Notre vision, \u00e0 propos de Machic<\/h4><h1 class=\"entry-title\">Nulla at facilisis leo. Aenean vel molestie risus. Morbi in vehicula metus, ut malesuada mauris.<\/h1><\/div><!-- site-module -->\t\t\t\t<\/div>\n\t\t\t\t<\/div>\n\t\t\t\t\t<\/div>\n\t\t<\/div>\n\t\t\t\t<div class=\"elementor-column elementor-col-33 elementor-top-column elementor-element elementor-element-eecdb08 elementor-hidden-tablet elementor-hidden-mobile\" data-id=\"eecdb08\" data-element_type=\"column\">\n\t\t\t<div class=\"elementor-widget-wrap\">\n\t\t\t\t\t\t\t<\/div>\n\t\t<\/div>\n\t\t\t\t\t<\/div>\n\t\t<\/section>\n\t\t\t\t<section class=\"elementor-section elementor-top-section elementor-element elementor-element-d98b4da elementor-section-boxed elementor-section-height-default elementor-section-height-default\" data-id=\"d98b4da\" data-element_type=\"section\">\n\t\t\t\t\t\t<div class=\"elementor-container elementor-column-gap-extended\">\n\t\t\t\t\t<div class=\"elementor-column elementor-col-33 elementor-top-column elementor-element elementor-element-aa4a269\" data-id=\"aa4a269\" data-element_type=\"column\">\n\t\t\t<div class=\"elementor-widget-wrap elementor-element-populated\">\n\t\t\t\t\t\t<div class=\"elementor-element elementor-element-da62a90 elementor-widget elementor-widget-image\" data-id=\"da62a90\" data-element_type=\"widget\" data-widget_type=\"image.default\">\n\t\t\t\t<div class=\"elementor-widget-container\">\n\t\t\t\t\t\t\t\t\t\t\t\t\t\t\t<img decoding=\"async\" width=\"800\" height=\"1078\" src=\"https:\/\/smartnix.tech\/wp-content\/uploads\/2021\/10\/about-2.jpg\" class=\"attachment-full size-full wp-image-1965\" alt=\"\" srcset=\"https:\/\/smartnix.tech\/wp-content\/uploads\/2021\/10\/about-2.jpg 800w, https:\/\/smartnix.tech\/wp-content\/uploads\/2021\/10\/about-2-40x54.jpg 40w, https:\/\/smartnix.tech\/wp-content\/uploads\/2021\/10\/about-2-600x809.jpg 600w, https:\/\/smartnix.tech\/wp-content\/uploads\/2021\/10\/about-2-223x300.jpg 223w, https:\/\/smartnix.tech\/wp-content\/uploads\/2021\/10\/about-2-760x1024.jpg 760w, https:\/\/smartnix.tech\/wp-content\/uploads\/2021\/10\/about-2-768x1035.jpg 768w\" sizes=\"(max-width: 800px) 100vw, 800px\" \/>\t\t\t\t\t\t\t\t\t\t\t\t\t\t\t<\/div>\n\t\t\t\t<\/div>\n\t\t\t\t\t<\/div>\n\t\t<\/div>\n\t\t\t\t<div class=\"elementor-column elementor-col-33 elementor-top-column elementor-element elementor-element-248f981\" data-id=\"248f981\" data-element_type=\"column\">\n\t\t\t<div class=\"elementor-widget-wrap\">\n\t\t\t\t\t\t\t<\/div>\n\t\t<\/div>\n\t\t\t\t<div class=\"elementor-column elementor-col-33 elementor-top-column elementor-element elementor-element-6894683\" data-id=\"6894683\" data-element_type=\"column\">\n\t\t\t<div class=\"elementor-widget-wrap elementor-element-populated\">\n\t\t\t\t\t\t<div class=\"elementor-element elementor-element-a6b48cc elementor-widget elementor-widget-text-editor\" data-id=\"a6b48cc\" data-element_type=\"widget\" data-widget_type=\"text-editor.default\">\n\t\t\t\t<div class=\"elementor-widget-container\">\n\t\t\t\t\t\t\t\t\t<p>Nam maximus nunc a augue pulvinar, non euismod mauris tempus. Cras non elit vel magna molestie pellentesque in eu dui. Donec laoreet quis erat vitae finibus. Vestibulum enim eros, porta eget quam et, euismod dictum elit. Nullam eu tempus magna. Fusce malesuada nisi id felis placerat porta vel sed augue. Vivamus mollis mauris vitae rhoncus egestas. Les enfants ont \u00e9t\u00e9 habit\u00e9s par des personnes qui ont \u00e9t\u00e9 victimes d'abus de pouvoir et qui ont \u00e9t\u00e9 victimes d'abus de pouvoir et qui ont \u00e9t\u00e9 victimes d'abus de pouvoir. Phasellus luctus tempor ante in dapibus. Curabitur sed lectus tempus, pulvinar magna vel, laoreet sapien.<\/p><p>Pellentesque sodales ornare nulla. Nullam elementum est quis tortor ultricies tristique. Nulla tempor eros quis arcu imperdiet, rutrum pharetra mi lobortis. Donec tortor ipsum, maximus quis pellentesque vel, bibendum eu mauris.<\/p><p>Nulla bibendum tincidunt ligula, a placerat dolor viverra eget. Maecenas id diam sed ligula facilisis lacinia. Nunc maximus est ut sem varius suscipit. Les mots et les phrases sont en anglais, les mots et les phrases sont en fran\u00e7ais, les mots et les phrases sont en anglais, les mots et les phrases sont en fran\u00e7ais. Etiam hendrerit est viverra eros mollis, a laoreet ante dictum. Aliquam erat volutpat. Vivamus tempor blandit dui vel interdum. Etiam ut libero eget ex sodales lobortis vitae at est. Il n'a pas \u00e9t\u00e9 possible d'am\u00e9liorer la qualit\u00e9 de l'eau, ni de la rendre plus abondante. Le contenu de l'emballage a \u00e9t\u00e9 repris \u00e0 l'identique dans le v\u00e9hicule.<\/p><p>Ut ac semper ligula. Pellentesque laoreet justo nec ex sodales euismod. Aliquam orci tortor, bibendum nec ultricies ac, auctor nec purus. Maecenas in consectetur erat. Proin ut nisi ut ipsum blandit vehicula. Nulla orci eros, ornare vitae tristique et, iaculis nec mauris. Aliquam ornare, turpis sed lobortis ultricies, lectus felis lacinia lacus, et convallis ipsum erat sed tortor. Les r\u00e9sultats de l'\u00e9tude ont \u00e9t\u00e9 publi\u00e9s, et les r\u00e9sultats de l'\u00e9tude ont \u00e9t\u00e9 diffus\u00e9s sur Internet. Suspendisse id elementum nunc. Donec in neque vitae nisl consequat accumsan.<\/p>\t\t\t\t\t\t\t\t<\/div>\n\t\t\t\t<\/div>\n\t\t\t\t\t<\/div>\n\t\t<\/div>\n\t\t\t\t\t<\/div>\n\t\t<\/section>\n\t\t\t\t<section class=\"elementor-section elementor-top-section elementor-element elementor-element-ddd3bd4 elementor-section-boxed elementor-section-height-default elementor-section-height-default\" data-id=\"ddd3bd4\" data-element_type=\"section\">\n\t\t\t\t\t\t<div class=\"elementor-container elementor-column-gap-extended\">\n\t\t\t\t\t<div class=\"elementor-column elementor-col-33 elementor-top-column elementor-element elementor-element-c1f76ac elementor-hidden-tablet elementor-hidden-mobile\" data-id=\"c1f76ac\" data-element_type=\"column\">\n\t\t\t<div class=\"elementor-widget-wrap\">\n\t\t\t\t\t\t\t<\/div>\n\t\t<\/div>\n\t\t\t\t<div class=\"elementor-column elementor-col-66 elementor-top-column elementor-element elementor-element-a30ddd7\" data-id=\"a30ddd7\" data-element_type=\"column\">\n\t\t\t<div class=\"elementor-widget-wrap elementor-element-populated\">\n\t\t\t\t\t\t<div class=\"elementor-element elementor-element-77dfd82 elementor-widget elementor-widget-text-editor\" data-id=\"77dfd82\" data-element_type=\"widget\" data-widget_type=\"text-editor.default\">\n\t\t\t\t<div class=\"elementor-widget-container\">\n\t\t\t\t\t\t\t\t\t<p>Nam maximus nunc a augue pulvinar, non euismod mauris tempus. Cras non elit vel magna molestie pellentesque in eu dui. Donec laoreet quis erat vitae finibus. Vestibulum enim eros, porta eget quam et, euismod dictum elit. Nullam eu tempus magna. Fusce malesuada nisi id felis placerat porta vel sed augue. Vivamus mollis mauris vitae rhoncus egestas. Les enfants ont \u00e9t\u00e9 habit\u00e9s par des personnes qui ont \u00e9t\u00e9 victimes d'abus de pouvoir et qui ont \u00e9t\u00e9 victimes d'abus de pouvoir et qui ont \u00e9t\u00e9 victimes d'abus de pouvoir. Phasellus luctus tempor ante in dapibus. Curabitur sed lectus tempus, pulvinar magna vel, laoreet sapien.<\/p><p>Pellentesque sodales ornare nulla. Nullam elementum est quis tortor ultricies tristique. Nulla tempor eros quis arcu imperdiet, rutrum pharetra mi lobortis. Donec tortor ipsum, maximus quis pellentesque vel, bibendum eu mauris.<\/p><p>Nulla bibendum tincidunt ligula, a placerat dolor viverra eget. Maecenas id diam sed ligula facilisis lacinia. Nunc maximus est ut sem varius suscipit. Les mots et les phrases sont en anglais, les mots et les phrases sont en fran\u00e7ais, les mots et les phrases sont en anglais, les mots et les phrases sont en fran\u00e7ais. Etiam hendrerit est viverra eros mollis, a laoreet ante dictum. Aliquam erat volutpat. Vivamus tempor blandit dui vel interdum. Etiam ut libero eget ex sodales lobortis vitae at est. Il n'a pas \u00e9t\u00e9 possible d'am\u00e9liorer la qualit\u00e9 de l'eau, ni de la rendre plus abondante. Le contenu de l'emballage a \u00e9t\u00e9 repris \u00e0 l'identique dans le v\u00e9hicule.<\/p><p>Ut ac semper ligula. Pellentesque laoreet justo nec ex sodales euismod. Aliquam orci tortor, bibendum nec ultricies ac, auctor nec purus. Maecenas in consectetur erat. Proin ut nisi ut ipsum blandit vehicula. Nulla orci eros, ornare vitae tristique et, iaculis nec mauris. Aliquam ornare, turpis sed lobortis ultricies, lectus felis lacinia lacus, et convallis ipsum erat sed tortor. Les r\u00e9sultats de l'\u00e9tude ont \u00e9t\u00e9 publi\u00e9s, et les r\u00e9sultats de l'\u00e9tude ont \u00e9t\u00e9 diffus\u00e9s sur Internet. Suspendisse id elementum nunc. Donec in neque vitae nisl consequat accumsan.<\/p>\t\t\t\t\t\t\t\t<\/div>\n\t\t\t\t<\/div>\n\t\t\t\t\t<\/div>\n\t\t<\/div>\n\t\t\t\t\t<\/div>\n\t\t<\/section>\n\t\t\t\t<section class=\"elementor-section elementor-top-section elementor-element elementor-element-cd4e40d elementor-section-boxed elementor-section-height-default elementor-section-height-default\" data-id=\"cd4e40d\" data-element_type=\"section\">\n\t\t\t\t\t\t<div class=\"elementor-container elementor-column-gap-extended\">\n\t\t\t\t\t<div class=\"elementor-column elementor-col-33 elementor-top-column elementor-element elementor-element-147fca1\" data-id=\"147fca1\" data-element_type=\"column\">\n\t\t\t<div class=\"elementor-widget-wrap elementor-element-populated\">\n\t\t\t\t\t\t<div class=\"elementor-element elementor-element-bce646c elementor-widget elementor-widget-machic-text-block\" data-id=\"bce646c\" data-element_type=\"widget\" data-widget_type=\"machic-text-block.default\">\n\t\t\t\t<div class=\"elementor-widget-container\">\n\t\t\t\t\t<div class=\"site-module text-check\"><h3 class=\"entry-title\">Classe aptent taciti sociosqu<\/h3><div class=\"entry-description\"><p>Quisque luctus leo sit amet ante finibus lobortis.  Class aptent taciti sociosqu.<\/p><\/div><!-- entry-description --><\/div><!-- site-module -->\t\t\t\t<\/div>\n\t\t\t\t<\/div>\n\t\t\t\t\t<\/div>\n\t\t<\/div>\n\t\t\t\t<div class=\"elementor-column elementor-col-33 elementor-top-column elementor-element elementor-element-bfd65c2\" data-id=\"bfd65c2\" data-element_type=\"column\">\n\t\t\t<div class=\"elementor-widget-wrap elementor-element-populated\">\n\t\t\t\t\t\t<div class=\"elementor-element elementor-element-3492206 elementor-widget elementor-widget-machic-text-block\" data-id=\"3492206\" data-element_type=\"widget\" data-widget_type=\"machic-text-block.default\">\n\t\t\t\t<div class=\"elementor-widget-container\">\n\t\t\t\t\t<div class=\"site-module text-check\"><h3 class=\"entry-title\">Classe aptent taciti sociosqu<\/h3><div class=\"entry-description\"><p>Quisque luctus leo sit amet ante finibus lobortis.  Class aptent taciti sociosqu.<\/p><\/div><!-- entry-description --><\/div><!-- site-module -->\t\t\t\t<\/div>\n\t\t\t\t<\/div>\n\t\t\t\t\t<\/div>\n\t\t<\/div>\n\t\t\t\t<div class=\"elementor-column elementor-col-33 elementor-top-column elementor-element elementor-element-75c779f\" data-id=\"75c779f\" data-element_type=\"column\">\n\t\t\t<div class=\"elementor-widget-wrap elementor-element-populated\">\n\t\t\t\t\t\t<div class=\"elementor-element elementor-element-6a81645 elementor-widget elementor-widget-machic-text-block\" data-id=\"6a81645\" data-element_type=\"widget\" data-widget_type=\"machic-text-block.default\">\n\t\t\t\t<div class=\"elementor-widget-container\">\n\t\t\t\t\t<div class=\"site-module text-check\"><h3 class=\"entry-title\">Classe aptent taciti sociosqu<\/h3><div class=\"entry-description\"><p>Quisque luctus leo sit amet ante finibus lobortis.  Class aptent taciti sociosqu.<\/p><\/div><!-- entry-description --><\/div><!-- site-module -->\t\t\t\t<\/div>\n\t\t\t\t<\/div>\n\t\t\t\t\t<\/div>\n\t\t<\/div>\n\t\t\t\t\t<\/div>\n\t\t<\/section>\n\t\t\t\t<\/div>","protected":false},"excerpt":{"rendered":"<p>Our Mission, About Machic We belive the best experience always wins Quisque lacinia commodo euismod. Nullam tempus nec mi id blandit. In lacinia nibh vitae ante laoreet rhoncus. Quisque in dapibus lorem, luctus gravida velit. Nulla gravida eros ac pharetra porta. Class aptent taciti sociosqu Quisque luctus leo sit amet ante finibus lobortis. Class aptent<\/p>\n<div class=\"klb-readmore entry-button\"><a class=\"btn read-more\" href=\"https:\/\/smartnix.tech\/fr\/a-propos-de-nous\/\">Lire la suite<\/a><\/div>","protected":false},"author":1,"featured_media":0,"parent":0,"menu_order":0,"comment_status":"closed","ping_status":"closed","template":"","meta":{"footnotes":""},"class_list":["post-1899","page","type-page","status-publish","hentry"],"_links":{"self":[{"href":"https:\/\/smartnix.tech\/fr\/wp-json\/wp\/v2\/pages\/1899","targetHints":{"allow":["GET"]}}],"collection":[{"href":"https:\/\/smartnix.tech\/fr\/wp-json\/wp\/v2\/pages"}],"about":[{"href":"https:\/\/smartnix.tech\/fr\/wp-json\/wp\/v2\/types\/page"}],"author":[{"embeddable":true,"href":"https:\/\/smartnix.tech\/fr\/wp-json\/wp\/v2\/users\/1"}],"replies":[{"embeddable":true,"href":"https:\/\/smartnix.tech\/fr\/wp-json\/wp\/v2\/comments?post=1899"}],"version-history":[{"count":1,"href":"https:\/\/smartnix.tech\/fr\/wp-json\/wp\/v2\/pages\/1899\/revisions"}],"predecessor-version":[{"id":2605,"href":"https:\/\/smartnix.tech\/fr\/wp-json\/wp\/v2\/pages\/1899\/revisions\/2605"}],"wp:attachment":[{"href":"https:\/\/smartnix.tech\/fr\/wp-json\/wp\/v2\/media?parent=1899"}],"curies":[{"name":"wp","href":"https:\/\/api.w.org\/{rel}","templated":true}]}}